{"id":12,"date":"2024-08-27T19:13:36","date_gmt":"2024-08-27T19:13:36","guid":{"rendered":"https:\/\/qigonggrenoble.com\/?page_id=12"},"modified":"2024-08-27T19:13:36","modified_gmt":"2024-08-27T19:13:36","slug":"qi-gong","status":"publish","type":"page","link":"https:\/\/qigonggrenoble.com\/index.php\/qi-gong\/","title":{"rendered":"Qi Gong"},"content":{"rendered":"\n\n\n\n\n\n<h3 style=\"text-align: center;\">Qu\u2019est ce que<br>le QI Gong  ?<\/h3><br><p style=\"text-align: center;\">(prononcer \u00ab tchi kong \u00bb)<\/p>\n\n\n\n\n<p class=\"article-header\">\n<\/p>\n<p><\/p>\n<p class=\"article-can-edit d-flex flex-wrap justify-content-between\"><\/p><p><h4>Premi\u00e8res r\u00e9ponses re\u00e7ues des id\u00e9ogrammes :<\/h4><\/p>\n<br>Les qualit\u00e9s de l\u2019air et de l\u2019alimentation conditionnent toutes les formes d\u2019\u00e9nergie (QI) de notre corps.<br><br><p>Pratiquer le QI c\u2019est pratiquer des mouvements pour faciliter le d\u00e9veloppement et la circulation de ces QI du corps.<br><br><\/p><h4>Faire circuler \u00ab&nbsp;l\u2019\u00e9nergie&nbsp;\u00bb du corps<br><br><\/h4>\n<hr>\n<br>Le QI GONG c\u2019est d\u2019abord une pratique :<br><br>Qui passe par une plus grande conscience de son propre corps, puis \nla recherche quasi automatique d\u2019une \u00e9limination permanente des tensions\n inutiles, pour finalement \u00eatre mieux dans son corps et dans sa t\u00eate,<br><br>Qui passe aussi par une plus grande conscience de son environnement pour vivre mieux dans son environnement (et avec les autres)<br><br>\nle QI c\u2019est la vie, et puisque le QI est la vie, le QI GONG c\u2019est un \u00ab&nbsp;art de vie&nbsp;\u00bb ou encore la \u00ab&nbsp;porte de la vie&nbsp;\u00bb<br><br>Si vous le souhaitez l\u2019association QI GONG ART DE VIE vous \naccueillera pour vous faire d\u00e9couvrir et pratiquer le temps d\u2019un 1<sup>er<\/sup> \ncours offert cet art plus que mill\u00e9naire de mieux vivre.<br>\n\n\n\n\n\n\n\n","protected":false},"excerpt":{"rendered":"","protected":false},"author":1,"featured_media":0,"parent":0,"menu_order":0,"comment_status":"closed","ping_status":"closed","template":"","meta":{"pagelayer_contact_templates":[],"_pagelayer_content":"","footnotes":""},"class_list":["post-12","page","type-page","status-publish","hentry"],"_links":{"self":[{"href":"https:\/\/qigonggrenoble.com\/index.php\/wp-json\/wp\/v2\/pages\/12","targetHints":{"allow":["GET"]}}],"collection":[{"href":"https:\/\/qigonggrenoble.com\/index.php\/wp-json\/wp\/v2\/pages"}],"about":[{"href":"https:\/\/qigonggrenoble.com\/index.php\/wp-json\/wp\/v2\/types\/page"}],"author":[{"embeddable":true,"href":"https:\/\/qigonggrenoble.com\/index.php\/wp-json\/wp\/v2\/users\/1"}],"replies":[{"embeddable":true,"href":"https:\/\/qigonggrenoble.com\/index.php\/wp-json\/wp\/v2\/comments?post=12"}],"version-history":[{"count":0,"href":"https:\/\/qigonggrenoble.com\/index.php\/wp-json\/wp\/v2\/pages\/12\/revisions"}],"wp:attachment":[{"href":"https:\/\/qigonggrenoble.com\/index.php\/wp-json\/wp\/v2\/media?parent=12"}],"curies":[{"name":"wp","href":"https:\/\/api.w.org\/{rel}","templated":true}]}}