{"id":93,"date":"2024-08-27T23:47:55","date_gmt":"2024-08-27T23:47:55","guid":{"rendered":"https:\/\/qigonggrenoble.com\/?page_id=93"},"modified":"2024-08-27T23:47:55","modified_gmt":"2024-08-27T23:47:55","slug":"qi-gong-des-5-organes-2","status":"publish","type":"page","link":"https:\/\/qigonggrenoble.com\/index.php\/qi-gong-des-5-organes-2\/","title":{"rendered":"Qi Gong des 5 organes"},"content":{"rendered":"\n\n\n\n<h3 [object NamedNodeMap]>Le Qi Gong des 5 organes<\/h3>\n\n\n<p [object NamedNodeMap]>Ce QI GONG repose sur le principe de m\u00e9decine traditionnelle chinoise selon lequel des articulations souples et non contract\u00e9es vont permettre une circulation du sang et de l\u2019\u00e9nergie plus facile.<br><br>Ce QI GONG mobilise et soulage les articulations par la pratique de mouvements lents et sans violence,<br><br>D\u2019apprentissage assez long dans son ensemble, ce QI GONG se traduira cependant tr\u00e8s vite par un effet b\u00e9n\u00e9fique manifeste ressenti sur le corps, mais aussi sur les organes des sens, et l\u2019aptitude \u00e0 faire face \u00e0 la maladie.<br><br>Enfin, ce QI GONG se traduit aussi par un effet positif inattendu sur le moral et l\u2019aptitude \u00e0 affronter les tensions de la vie d\u2019ordre \u00e9motionnel.<br><br><\/p>\n\n\n\n\n\n<p>Lorem Ipsum has been the industry&rsquo;s standard dummy text ever since the 1500s.<\/p>\n\n\n\n\n\n\n\n","protected":false},"excerpt":{"rendered":"","protected":false},"author":1,"featured_media":0,"parent":0,"menu_order":0,"comment_status":"closed","ping_status":"closed","template":"","meta":{"pagelayer_contact_templates":[],"_pagelayer_content":"","footnotes":""},"class_list":["post-93","page","type-page","status-publish","hentry"],"_links":{"self":[{"href":"https:\/\/qigonggrenoble.com\/index.php\/wp-json\/wp\/v2\/pages\/93","targetHints":{"allow":["GET"]}}],"collection":[{"href":"https:\/\/qigonggrenoble.com\/index.php\/wp-json\/wp\/v2\/pages"}],"about":[{"href":"https:\/\/qigonggrenoble.com\/index.php\/wp-json\/wp\/v2\/types\/page"}],"author":[{"embeddable":true,"href":"https:\/\/qigonggrenoble.com\/index.php\/wp-json\/wp\/v2\/users\/1"}],"replies":[{"embeddable":true,"href":"https:\/\/qigonggrenoble.com\/index.php\/wp-json\/wp\/v2\/comments?post=93"}],"version-history":[{"count":0,"href":"https:\/\/qigonggrenoble.com\/index.php\/wp-json\/wp\/v2\/pages\/93\/revisions"}],"wp:attachment":[{"href":"https:\/\/qigonggrenoble.com\/index.php\/wp-json\/wp\/v2\/media?parent=93"}],"curies":[{"name":"wp","href":"https:\/\/api.w.org\/{rel}","templated":true}]}}